{"id":2283,"date":"2022-02-02T16:09:38","date_gmt":"2022-02-02T15:09:38","guid":{"rendered":"https:\/\/www.sonovet.net\/politica-de-cookies\/"},"modified":"2024-10-31T10:57:16","modified_gmt":"2024-10-31T09:57:16","slug":"politica-de-cookies","status":"publish","type":"page","link":"https:\/\/www.sonovet.net\/es\/politica-de-cookies\/","title":{"rendered":"Pol\u00edtica de Cookies"},"content":{"rendered":"\t\t<div data-elementor-type=\"wp-page\" data-elementor-id=\"2283\" class=\"elementor elementor-2283 elementor-1579\" data-elementor-post-type=\"page\">\n\t\t\t\t\t\t<section class=\"elementor-section elementor-top-section elementor-element elementor-element-55d6ae9 elementor-section-boxed elementor-section-height-default elementor-section-height-default\" data-id=\"55d6ae9\" data-element_type=\"section\" data-e-type=\"section\" data-settings=\"{&quot;mdp_selection_sticky_effect_enable&quot;:false}\">\n\t\t\t\t\t\t<div class=\"elementor-container elementor-column-gap-default\">\n\t\t\t\t\t<div class=\"elementor-column elementor-col-100 elementor-top-column elementor-element elementor-element-f101274\" data-id=\"f101274\" data-element_type=\"column\" data-e-type=\"column\" data-settings=\"{&quot;mdp_selection_sticky_column_effect_enable&quot;:false}\">\n\t\t\t<div class=\"elementor-widget-wrap elementor-element-populated\">\n\t\t\t\t\t\t<div class=\"elementor-element elementor-element-2f73b64 elementor-widget elementor-widget-text-editor\" data-id=\"2f73b64\" data-element_type=\"widget\" data-e-type=\"widget\" data-widget_type=\"text-editor.default\">\n\t\t\t\t<div class=\"elementor-widget-container\">\n\t\t\t\t\t\t\t\t\t<h1>Pol\u00edtica de cookies<\/h1>\n<p>El sitio web <a href=\"https:\/\/www.sonovet.net\/es\/\">https:\/\/www.sonovet.net\/<\/a> es responsabilidad SONOVET ECOGRAF\u00cdA Y CARDIOLOG\u00cdA, S.L.P. (en adelante SONOVET), con domicilio social C\/De Oliveras, 84-88, Escala A- Local 7 &#8211; 08023 Barcelona (Barcelona) , con CIF: B63741029 y direcci\u00f3n de correo electr\u00f3nico: <a href=\"mailto:info@sonovet.net\">info@sonovet.net<\/a><\/p>\n<p>Consecuentemente, la utilizaci\u00f3n de cookies se le aplica la presente \u00abPol\u00edtica de Uso de Cookies\u00bb que ha sido elaborada con el fin de que el usuario quede informado de los diferentes usos que se llevan a cabo en estos dispositivos y, pueda consentir su tratamiento de manera informada, de conformidad con lo previsto en la legislaci\u00f3n vigente.<\/p>\n<p><strong>\u00bfQu\u00e9 es una cookie?<\/strong><\/p>\n<p>Una cookie es un fichero que se descarga en su ordenador al acceder el Usuario a determinadas p\u00e1ginas web. Las cookies permiten a una p\u00e1gina web, entre otras cosas, almacenar y recuperar informaci\u00f3n sobre los h\u00e1bitos de navegaci\u00f3n de un usuario o de su equipo y, dependiendo de la informaci\u00f3n que contengan y de la forma en que utilice su equipo, pueden utilizarse para reconocer al usuario. <\/p>\n<p><strong>\u00bfQu\u00e9 tipos de cookies hay?<\/strong><\/p>\n<p>Existen varios tipos de cookies en funci\u00f3n de diferentes criterios:<\/p>\n<p>En funci\u00f3n del tiempo que permanecen activadas:<\/p>\n<ul>\n<li>Cookies de sesi\u00f3n. Son un tipo de cookies dise\u00f1adas para recabar y almacenar datos mientras el usuario accede a una p\u00e1gina web. <\/li>\n<li>Cookies permanentes: Son un tipo de cookies en el que los datos siguen almacenados en el terminal y pueden ser accedidos y tratados durante un periodo definido por el responsable de la cookie.<\/li>\n<\/ul>\n<p>En funci\u00f3n de la titularidad:<\/p>\n<ul>\n<li>Cookies propias. Son las que pertenecen a SONOVET <\/li>\n<li>Cookies de terceros. Son aquellas cuya titularidad es de un tercero, distinto de SONOVET, que ser\u00e1 quien trate la informaci\u00f3n recabada. <\/li>\n<\/ul>\n<p>En funci\u00f3n de su finalidad:<\/p>\n<ul>\n<li>Cookies t\u00e9cnicas y\/o de personalizaci\u00f3n. Son aquellas que sirven para mejorar el servicio, localizar incidencias, reconocer al usuario, etc. <\/li>\n<li>Cookies de an\u00e1lisis y\/o de publicidad. Son aquellas que sirven para analizar informaci\u00f3n sobre la navegaci\u00f3n y ofrecer publicidad, sea gen\u00e9rica o personalizada. <\/li>\n<\/ul>\n<p><strong>\u00bfQu\u00e9 tipos de cookies son m\u00e1s habituales?<\/strong><\/p>\n<p>T\u00c9CNICAS: Son cookies PROPIAS, de sesi\u00f3n, de identificaci\u00f3n, de configuraci\u00f3n y de registro, estrictamente necesarias para la identificaci\u00f3n del usuario y para la prestaci\u00f3n de los servicios solicitados por el usuario. La informaci\u00f3n obtenida a trav\u00e9s de las mismas es tratada \u00fanicamente por SONOVET <\/p>\n<p>DE AN\u00c1LISIS: Son aqu\u00e9llas que, bien tratadas por nosotros o por terceros, nos permiten cuantificar el n\u00famero de usuarios y as\u00ed realizar la medici\u00f3n y an\u00e1lisis estad\u00edstico de la utilizaci\u00f3n que hacen los usuarios del servicio ofertado. Para ello se analiza su navegaci\u00f3n en nuestra p\u00e1gina web con el fin de mejorar la oferta de productos o servicios que le ofrecemos. <\/p>\n<p>DE PUBLICIDAD: Son aqu\u00e9llas que, bien tratadas por nosotros o por terceros, permiten la gesti\u00f3n, de la forma m\u00e1s eficaz posible, de los espacios publicitarios que se pudieran incluir en nuestra p\u00e1gina web y\/o almacenan informaci\u00f3n del comportamiento de los usuarios obtenida a trav\u00e9s de la observaci\u00f3n continuada. Gracias a ellas, podemos conocer los h\u00e1bitos de navegaci\u00f3n en internet y mostrarle publicidad relacionada con su perfil de navegaci\u00f3n. <\/p>\n<p><strong>\u00bfPara qu\u00e9 sirve una cookie?<\/strong><\/p>\n<p>Las cookies se utilizan para poder ofrecerle servicios y\/o publicidad personalizados, para analizar el funcionamiento del sistema, reconocerle cuando accede como usuario, localizar incidencias y problemas que puedan surgir y solventarlos en el menor plazo posible, as\u00ed como analizar y medir el uso y actividad de la p\u00e1gina web.<\/p>\n<p><strong>\u00bfSe necesita mi consentimiento para implantar una cookie?<\/strong><\/p>\n<p>No es necesario el consentimiento para la instalaci\u00f3n de cookies t\u00e9cnicas o las que sean estrictamente necesarias para la prestaci\u00f3n de un servicio de la sociedad de la informaci\u00f3n expresamente solicitado por el destinatario.<\/p>\n<p>Para el resto, s\u00ed se precisa del consentimiento del interesado que se puede solicitar por distintas v\u00edas. En el caso de SONOVET, se entender\u00e1 otorgado si Vd. acepta las cookies opcionales y no necesarias para el funcionamiento de la web y podr\u00e1 revocar el consentimiento y desactivar las cookies entrando en el apartado \u201cc\u00f3mo desactivar las cookies\u201d que se encuentra al final de este documento. <\/p>\n<p><strong>\u00bfQu\u00e9 tipos de cookies utiliza esta p\u00e1gina web?<\/strong><\/p>\n<p>Cookies t\u00e9cnicas: Son aquellas creadas y gestionadas \u00fanicamente por nosotros, y permiten al usuario la navegaci\u00f3n a trav\u00e9s de nuestra p\u00e1gina web y la utilizaci\u00f3n de las diferentes opciones como, por ejemplo, identificar la sesi\u00f3n, personalizar informaci\u00f3n o acceder a zonas de acceso restringido.<\/p>\n<p>El sitio web de SONOVET, utiliza Google Analytics, una herramienta de anal\u00edtica web desarrollada por Google, que ayuda a los propietarios de sitios web a medir c\u00f3mo interact\u00faan los usuarios con el contenido del sitio. Para la prestaci\u00f3n de estos servicios, Google Analytics utiliza cookies que recopilan la informaci\u00f3n, incluida la direcci\u00f3n IP del usuario que ser\u00e1 transmitida, tratada y almacenada por Google en los t\u00e9rminos fijados en la web Google.com. <\/p>\n<p>Para m\u00e1s informaci\u00f3n ver:<\/p>\n<p><a href=\"https:\/\/developers.google.com\/analytics\/devguides\/collection\/analyticsjs\/cookie-usage\">https:\/\/developers.google.com\/analytics\/devguides\/collection\/analyticsjs\/cookie-usage<\/a><\/p>\n<p>El dominio web <u><a href=\"https:\/\/www.sonovet.net\/es\/\">https:\/\/www.sonovet.net\/<\/a><\/u> utiliza los siguientes tipos de cookies:<\/p>\n<\/p>\n<table>\n<tbody>\n<tr>\n<td width=\"134\"><strong><em>Propiedad<\/em><\/strong><\/td>\n<td width=\"136\"><strong><em>Nombre de la cookie<\/em><\/strong><\/td>\n<td width=\"349\"><strong><em>Finalidad<\/em><\/strong><\/td>\n<td width=\"78\"><strong><em>Expira<\/em><\/strong><\/td>\n<\/tr>\n<tr>\n<td width=\"134\"><a href=\"http:\/\/www.google.com\">www.google.com<\/a><\/td>\n<td width=\"136\">\n<p>__Secure-ENID<\/p>\n<\/p>\n<\/td>\n<td width=\"349\">\n<p>Google permite personalizar como se ven los anuncios fuera de google o almacenar informaci\u00f3n como el idioma preferido a la hora de mostrar resultados de b\u00fasqueda.<\/p>\n<\/p>\n<\/td>\n<td width=\"78\">2 a\u00f1os<\/td>\n<\/tr>\n<tr>\n<td width=\"134\"><u><a href=\"https:\/\/www.sonovet.net\/es\/\">https:\/\/www.sonovet.net\/<\/a><\/u><\/td>\n<td width=\"136\">\n<p>_GA<\/p>\n<\/p>\n<\/td>\n<td width=\"349\">\n<p>Habilita la funci\u00f3n de control de visitas \u00fanicas. La primera vez que un usuario entra en un sitio web a trav\u00e9s de un navegador se instalar\u00e1 esta cookie. Cuando este usuario vuelva a entrar en la web con el mismo navegador, la cookie considerar\u00e1 que es el mismo usuario. S\u00f3lo en el caso que el usuario cambie de navegador, se considerar\u00e1 que es otro usuario.   <\/p>\n<\/p>\n<\/td>\n<td width=\"78\">2 a\u00f1os<\/td>\n<\/tr>\n<tr>\n<td width=\"134\">\n<p><u><a href=\"https:\/\/www.sonovet.net\/es\/\">https:\/\/www.sonovet.net\/<\/a><\/u><\/p>\n<\/td>\n<td width=\"136\">\n<p>_gat<\/p>\n<\/p>\n<\/td>\n<td width=\"349\">\n<p>Se usa para proporcionar seguimiento t\u00e9cnico. Muestra la duraci\u00f3n del periodo en el que un servicio puede almacenar o leer ciertos datos. <\/p>\n<\/p>\n<\/td>\n<td width=\"78\">La sesi\u00f3n<\/td>\n<\/tr>\n<tr>\n<td width=\"134\"><u><a href=\"https:\/\/www.sonovet.net\/es\/\">https:\/\/www.sonovet.net\/<\/a><\/u><\/td>\n<td width=\"136\">\n<p>_gid<\/p>\n<\/p>\n<\/td>\n<td width=\"349\">\n<p>Se usa para distinguir a los usuarios.<\/p>\n<\/p>\n<\/td>\n<td width=\"78\">24 horas<\/td>\n<\/tr>\n<tr>\n<td width=\"134\"><u><a href=\"https:\/\/www.sonovet.net\/es\/\">https:\/\/www.sonovet.net\/<\/a><\/u><\/td>\n<td width=\"136\">\n<p>_lscache_vary<\/p>\n<\/p>\n<\/td>\n<td width=\"349\">\n<p>No recoge datos personales, sirve para saber el estado del visitante (nuevo, recurrente), rol del usuario (editor, administrador, etc)<\/p>\n<\/p>\n<\/td>\n<td width=\"78\">2 d\u00edas<\/td>\n<\/tr>\n<tr>\n<td width=\"134\"><a href=\"http:\/\/www.google.com\">www.google.com<\/a><\/td>\n<td width=\"136\">\n<p>AEC<\/p>\n<\/p>\n<\/td>\n<td width=\"349\">\n<p>Cookie necesaria para la utilizaci\u00f3n de las opciones y servicios del sitio web.<\/p>\n<\/p>\n<\/td>\n<td width=\"78\">1 a\u00f1o<\/td>\n<\/tr>\n<tr>\n<td width=\"134\"><a href=\"http:\/\/www.google.com\">www.google.com<\/a><\/td>\n<td width=\"136\">\n<p>V<\/p>\n<\/p>\n<\/td>\n<td width=\"349\">\n<p>Identifica si el usuario ha entrado con su cuenta de google.<\/p>\n<\/p>\n<\/td>\n<td width=\"78\">La sesi\u00f3n<\/td>\n<\/tr>\n<tr>\n<td width=\"134\"><a href=\"http:\/\/www.google.com\">www.google.com<\/a><\/td>\n<td width=\"136\">\n<p>SOCS<\/p>\n<\/p>\n<\/td>\n<td width=\"349\">\n<p>Se usa para almacenar el estado de un usuario en relaci\u00f3n con sus elecciones de cookies.<\/p>\n<\/p>\n<\/td>\n<td width=\"78\">13 meses<\/td>\n<\/tr>\n<tr>\n<td width=\"134\"><u><a href=\"https:\/\/www.sonovet.net\/es\/\">https:\/\/www.sonovet.net\/<\/a><\/u><\/td>\n<td width=\"136\">\n<p>wp-wpml_current_language<\/p>\n<\/p>\n<\/td>\n<td width=\"349\">\n<p>Almacena el idioma actual. Esta cookie est\u00e1 configurada s\u00f3lo para usuarios registrados. <\/p>\n<\/p>\n<\/td>\n<td width=\"78\">1 d\u00eda<\/td>\n<\/tr>\n<\/tbody>\n<\/table>\n<p><strong>\u00bfC\u00f3mo desactivar cookies?<\/strong><\/p>\n<p>Puede permitir, bloquear o eliminar las cookies instaladas en su equipo mediante la configuraci\u00f3n de las opciones del navegador instalado en su ordenador.<\/p>\n<ul>\n<li>Firefox : <a href=\"https:\/\/support.mozilla.org\/es\/kb\/habilitar-y-deshabilitar-cookies-sitios-web-rastrear-preferencias?redirectlocale=es&amp;redirectslug=habilitar-y-deshabilitar-cookies-que-los-sitios-we\">https:\/\/support.mozilla.org\/es\/kb\/habilitar-y-deshabilitar-cookies-sitios-web-rastrear-preferencias?redirectlocale=es&amp;redirectslug=habilitar-y-deshabilitar-cookies-que-los-sitios-we<\/a><\/li>\n<\/ul>\n<ul>\n<li>Chrome: <a href=\"https:\/\/support.google.com\/chrome\/answer\/95647?hl=es\">https:\/\/support.google.com\/chrome\/answer\/95647?hl=es<\/a><\/li>\n<\/ul>\n<ul>\n<li>Internet Explorer: <a href=\"https:\/\/support.microsoft.com\/es-es\/products\/windows?os=windows-10\">https:\/\/support.microsoft.com\/es-es\/products\/windows?os=windows-10<\/a><\/li>\n<\/ul>\n<ul>\n<li>Safari: <a href=\"https:\/\/support.apple.com\/kb\/ph5042?locale=es_ES\">https:\/\/support.apple.com\/kb\/ph5042?locale=es_ES<\/a><\/li>\n<\/ul>\n<ul>\n<li>Safari para iOS: <a href=\"https:\/\/support.apple.com\/es-es\/HT201265\">https:\/\/support.apple.com\/es-es\/HT201265<\/a><\/li>\n<\/ul>\n<ul>\n<li>Opera: <a href=\"http:\/\/help.opera.com\/Windows\/11.50\/es-ES\/cookies.html\">http:\/\/help.opera.com\/Windows\/11.50\/es-ES\/cookies.html<\/a><\/li>\n<\/ul>\n<p><strong>Ejercicio de derechos<\/strong><\/p>\n<p>Puede conocer y ejercer sus derechos en materia de protecci\u00f3n de datos accediendo a nuestra pol\u00edtica de privacidad <a href=\"https:\/\/www.sonovet.net\/pol%C3%ADtica-de-privacitat\/\">https:\/\/www.sonovet.net\/pol\u00edtica-de-privacitat\/<\/a><\/p>\n<\/p>\n<p><strong>Informaci\u00f3n adicional<\/strong><\/p>\n<p>Puede consultar m\u00e1s informaci\u00f3n en la gu\u00eda sobre el uso de las cookies editada por la AEPD en el siguiente enlace <a href=\"https:\/\/www.aepd.es\/es\/documento\/guia-cookies.pdf\">https:\/\/www.aepd.es\/es\/documento\/guia-cookies.pdf<\/a><\/p><\/p>\n\t\t\t\t\t\t\t\t<\/div>\n\t\t\t\t<\/div>\n\t\t\t\t\t<\/div>\n\t\t<\/div>\n\t\t\t\t\t<\/div>\n\t\t<\/section>\n\t\t\t\t<\/div>\n\t\t","protected":false},"excerpt":{"rendered":"<p>Pol\u00edtica de cookies El sitio web https:\/\/www.sonovet.net\/ es responsabilidad SONOVET ECOGRAF\u00cdA Y CARDIOLOG\u00cdA, S.L.P. (en adelante SONOVET), con domicilio social C\/De Oliveras, 84-88, Escala A- Local 7 &#8211; 08023 Barcelona (Barcelona) , con CIF: B63741029 y direcci\u00f3n de correo electr\u00f3nico: info@sonovet.net Consecuentemente, la utilizaci\u00f3n de cookies se le aplica la presente \u00abPol\u00edtica de Uso de [&hellip;]<\/p>\n","protected":false},"author":1,"featured_media":0,"parent":0,"menu_order":0,"comment_status":"closed","ping_status":"closed","template":"","meta":{"footnotes":""},"class_list":["post-2283","page","type-page","status-publish","hentry"],"yoast_head":"<!-- This site is optimized with the Yoast SEO plugin v26.9 - https:\/\/yoast.com\/product\/yoast-seo-wordpress\/ -->\n<title>Pol\u00edtica de Cookies . Ecograf\u00eda y cardiolog\u00eda veterinaria &#8226; Sonovet<\/title>\n<meta name=\"description\" content=\"En Sonovet somos expertos en ecograf\u00eda y cardiolog\u00eda para cl\u00ednicas veterinarias y criadores. Consulta nuestra app m\u00f3vil para reservar cita.\" \/>\n<meta name=\"robots\" content=\"index, follow, max-snippet:-1, max-image-preview:large, max-video-preview:-1\" \/>\n<link rel=\"canonical\" href=\"https:\/\/www.sonovet.net\/es\/politica-de-cookies\/\" \/>\n<meta property=\"og:locale\" content=\"es_ES\" \/>\n<meta property=\"og:type\" content=\"article\" \/>\n<meta property=\"og:title\" content=\"Pol\u00edtica de Cookies . Ecograf\u00eda y cardiolog\u00eda veterinaria &#8226; Sonovet\" \/>\n<meta property=\"og:description\" content=\"En Sonovet somos expertos en ecograf\u00eda y cardiolog\u00eda para cl\u00ednicas veterinarias y criadores. Consulta nuestra app m\u00f3vil para reservar cita.\" \/>\n<meta property=\"og:url\" content=\"https:\/\/www.sonovet.net\/es\/politica-de-cookies\/\" \/>\n<meta property=\"og:site_name\" content=\"Sonovet\" \/>\n<meta property=\"article:publisher\" content=\"https:\/\/www.facebook.com\/sonovetecografia.serveidecografiamobil\" \/>\n<meta property=\"article:modified_time\" content=\"2024-10-31T09:57:16+00:00\" \/>\n<meta name=\"twitter:card\" content=\"summary_large_image\" \/>\n<meta name=\"twitter:label1\" content=\"Tiempo de lectura\" \/>\n\t<meta name=\"twitter:data1\" content=\"7 minutos\" \/>\n<script type=\"application\/ld+json\" class=\"yoast-schema-graph\">{\"@context\":\"https:\/\/schema.org\",\"@graph\":[{\"@type\":\"WebPage\",\"@id\":\"https:\/\/www.sonovet.net\/es\/politica-de-cookies\/\",\"url\":\"https:\/\/www.sonovet.net\/es\/politica-de-cookies\/\",\"name\":\"Pol\u00edtica de Cookies . Ecograf\u00eda y cardiolog\u00eda veterinaria &#8226; Sonovet\",\"isPartOf\":{\"@id\":\"https:\/\/www.sonovet.net\/es\/#website\"},\"datePublished\":\"2022-02-02T15:09:38+00:00\",\"dateModified\":\"2024-10-31T09:57:16+00:00\",\"description\":\"En Sonovet somos expertos en ecograf\u00eda y cardiolog\u00eda para cl\u00ednicas veterinarias y criadores. Consulta nuestra app m\u00f3vil para reservar cita.\",\"breadcrumb\":{\"@id\":\"https:\/\/www.sonovet.net\/es\/politica-de-cookies\/#breadcrumb\"},\"inLanguage\":\"es\",\"potentialAction\":[{\"@type\":\"ReadAction\",\"target\":[\"https:\/\/www.sonovet.net\/es\/politica-de-cookies\/\"]}]},{\"@type\":\"BreadcrumbList\",\"@id\":\"https:\/\/www.sonovet.net\/es\/politica-de-cookies\/#breadcrumb\",\"itemListElement\":[{\"@type\":\"ListItem\",\"position\":1,\"name\":\"Home\",\"item\":\"https:\/\/www.sonovet.net\/es\/home\/\"},{\"@type\":\"ListItem\",\"position\":2,\"name\":\"Pol\u00edtica de Cookies\"}]},{\"@type\":\"WebSite\",\"@id\":\"https:\/\/www.sonovet.net\/es\/#website\",\"url\":\"https:\/\/www.sonovet.net\/es\/\",\"name\":\"Sonovet\",\"description\":\"Ecografia i Cardiologia Veterinaria\",\"publisher\":{\"@id\":\"https:\/\/www.sonovet.net\/es\/#organization\"},\"potentialAction\":[{\"@type\":\"SearchAction\",\"target\":{\"@type\":\"EntryPoint\",\"urlTemplate\":\"https:\/\/www.sonovet.net\/es\/?s={search_term_string}\"},\"query-input\":{\"@type\":\"PropertyValueSpecification\",\"valueRequired\":true,\"valueName\":\"search_term_string\"}}],\"inLanguage\":\"es\"},{\"@type\":\"Organization\",\"@id\":\"https:\/\/www.sonovet.net\/es\/#organization\",\"name\":\"Sonovet\",\"url\":\"https:\/\/www.sonovet.net\/es\/\",\"logo\":{\"@type\":\"ImageObject\",\"inLanguage\":\"es\",\"@id\":\"https:\/\/www.sonovet.net\/es\/#\/schema\/logo\/image\/\",\"url\":\"https:\/\/www.sonovet.net\/wp-content\/uploads\/2022\/01\/logo-sonovet-original.png\",\"contentUrl\":\"https:\/\/www.sonovet.net\/wp-content\/uploads\/2022\/01\/logo-sonovet-original.png\",\"width\":2818,\"height\":1735,\"caption\":\"Sonovet\"},\"image\":{\"@id\":\"https:\/\/www.sonovet.net\/es\/#\/schema\/logo\/image\/\"},\"sameAs\":[\"https:\/\/www.facebook.com\/sonovetecografia.serveidecografiamobil\",\"https:\/\/www.instagram.com\/sonovet_ecografia\/\",\"https:\/\/www.youtube.com\/channel\/UCL-VVDDXVWOJ_JzcKKWR_iw\"]}]}<\/script>\n<!-- \/ Yoast SEO plugin. -->","yoast_head_json":{"title":"Pol\u00edtica de Cookies . Ecograf\u00eda y cardiolog\u00eda veterinaria &#8226; Sonovet","description":"En Sonovet somos expertos en ecograf\u00eda y cardiolog\u00eda para cl\u00ednicas veterinarias y criadores. Consulta nuestra app m\u00f3vil para reservar cita.","robots":{"index":"index","follow":"follow","max-snippet":"max-snippet:-1","max-image-preview":"max-image-preview:large","max-video-preview":"max-video-preview:-1"},"canonical":"https:\/\/www.sonovet.net\/es\/politica-de-cookies\/","og_locale":"es_ES","og_type":"article","og_title":"Pol\u00edtica de Cookies . Ecograf\u00eda y cardiolog\u00eda veterinaria &#8226; Sonovet","og_description":"En Sonovet somos expertos en ecograf\u00eda y cardiolog\u00eda para cl\u00ednicas veterinarias y criadores. Consulta nuestra app m\u00f3vil para reservar cita.","og_url":"https:\/\/www.sonovet.net\/es\/politica-de-cookies\/","og_site_name":"Sonovet","article_publisher":"https:\/\/www.facebook.com\/sonovetecografia.serveidecografiamobil","article_modified_time":"2024-10-31T09:57:16+00:00","twitter_card":"summary_large_image","twitter_misc":{"Tiempo de lectura":"7 minutos"},"schema":{"@context":"https:\/\/schema.org","@graph":[{"@type":"WebPage","@id":"https:\/\/www.sonovet.net\/es\/politica-de-cookies\/","url":"https:\/\/www.sonovet.net\/es\/politica-de-cookies\/","name":"Pol\u00edtica de Cookies . Ecograf\u00eda y cardiolog\u00eda veterinaria &#8226; Sonovet","isPartOf":{"@id":"https:\/\/www.sonovet.net\/es\/#website"},"datePublished":"2022-02-02T15:09:38+00:00","dateModified":"2024-10-31T09:57:16+00:00","description":"En Sonovet somos expertos en ecograf\u00eda y cardiolog\u00eda para cl\u00ednicas veterinarias y criadores. Consulta nuestra app m\u00f3vil para reservar cita.","breadcrumb":{"@id":"https:\/\/www.sonovet.net\/es\/politica-de-cookies\/#breadcrumb"},"inLanguage":"es","potentialAction":[{"@type":"ReadAction","target":["https:\/\/www.sonovet.net\/es\/politica-de-cookies\/"]}]},{"@type":"BreadcrumbList","@id":"https:\/\/www.sonovet.net\/es\/politica-de-cookies\/#breadcrumb","itemListElement":[{"@type":"ListItem","position":1,"name":"Home","item":"https:\/\/www.sonovet.net\/es\/home\/"},{"@type":"ListItem","position":2,"name":"Pol\u00edtica de Cookies"}]},{"@type":"WebSite","@id":"https:\/\/www.sonovet.net\/es\/#website","url":"https:\/\/www.sonovet.net\/es\/","name":"Sonovet","description":"Ecografia i Cardiologia Veterinaria","publisher":{"@id":"https:\/\/www.sonovet.net\/es\/#organization"},"potentialAction":[{"@type":"SearchAction","target":{"@type":"EntryPoint","urlTemplate":"https:\/\/www.sonovet.net\/es\/?s={search_term_string}"},"query-input":{"@type":"PropertyValueSpecification","valueRequired":true,"valueName":"search_term_string"}}],"inLanguage":"es"},{"@type":"Organization","@id":"https:\/\/www.sonovet.net\/es\/#organization","name":"Sonovet","url":"https:\/\/www.sonovet.net\/es\/","logo":{"@type":"ImageObject","inLanguage":"es","@id":"https:\/\/www.sonovet.net\/es\/#\/schema\/logo\/image\/","url":"https:\/\/www.sonovet.net\/wp-content\/uploads\/2022\/01\/logo-sonovet-original.png","contentUrl":"https:\/\/www.sonovet.net\/wp-content\/uploads\/2022\/01\/logo-sonovet-original.png","width":2818,"height":1735,"caption":"Sonovet"},"image":{"@id":"https:\/\/www.sonovet.net\/es\/#\/schema\/logo\/image\/"},"sameAs":["https:\/\/www.facebook.com\/sonovetecografia.serveidecografiamobil","https:\/\/www.instagram.com\/sonovet_ecografia\/","https:\/\/www.youtube.com\/channel\/UCL-VVDDXVWOJ_JzcKKWR_iw"]}]}},"_links":{"self":[{"href":"https:\/\/www.sonovet.net\/es\/wp-json\/wp\/v2\/pages\/2283","targetHints":{"allow":["GET"]}}],"collection":[{"href":"https:\/\/www.sonovet.net\/es\/wp-json\/wp\/v2\/pages"}],"about":[{"href":"https:\/\/www.sonovet.net\/es\/wp-json\/wp\/v2\/types\/page"}],"author":[{"embeddable":true,"href":"https:\/\/www.sonovet.net\/es\/wp-json\/wp\/v2\/users\/1"}],"replies":[{"embeddable":true,"href":"https:\/\/www.sonovet.net\/es\/wp-json\/wp\/v2\/comments?post=2283"}],"version-history":[{"count":0,"href":"https:\/\/www.sonovet.net\/es\/wp-json\/wp\/v2\/pages\/2283\/revisions"}],"wp:attachment":[{"href":"https:\/\/www.sonovet.net\/es\/wp-json\/wp\/v2\/media?parent=2283"}],"curies":[{"name":"wp","href":"https:\/\/api.w.org\/{rel}","templated":true}]}}