{"id":2275,"date":"2022-02-01T13:57:16","date_gmt":"2022-02-01T12:57:16","guid":{"rendered":"https:\/\/www.sonovet.net\/formacion-ecocardiografia\/"},"modified":"2025-06-27T11:04:27","modified_gmt":"2025-06-27T09:04:27","slug":"formacion-ecocardiografia","status":"publish","type":"page","link":"https:\/\/www.sonovet.net\/es\/formacion-ecocardiografia\/","title":{"rendered":"Formaci\u00f3n Ecocardiograf\u00eda"},"content":{"rendered":"\t\t<div data-elementor-type=\"wp-page\" data-elementor-id=\"2275\" class=\"elementor elementor-2275 elementor-1288\" data-elementor-post-type=\"page\">\n\t\t\t\t\t\t<section class=\"elementor-section elementor-top-section elementor-element elementor-element-2e5aef3b elementor-hidden-desktop elementor-hidden-tablet elementor-hidden-mobile elementor-section-boxed elementor-section-height-default elementor-section-height-default\" data-id=\"2e5aef3b\" data-element_type=\"section\" data-e-type=\"section\" data-settings=\"{&quot;background_background&quot;:&quot;classic&quot;,&quot;mdp_selection_sticky_effect_enable&quot;:false}\">\n\t\t\t\t\t\t\t<div class=\"elementor-background-overlay\"><\/div>\n\t\t\t\t\t\t\t<div class=\"elementor-container elementor-column-gap-default\">\n\t\t\t\t\t<div class=\"elementor-column elementor-col-100 elementor-top-column elementor-element elementor-element-1c418d55\" data-id=\"1c418d55\" data-element_type=\"column\" data-e-type=\"column\" data-settings=\"{&quot;mdp_selection_sticky_column_effect_enable&quot;:false}\">\n\t\t\t<div class=\"elementor-widget-wrap elementor-element-populated\">\n\t\t\t\t\t\t<div class=\"elementor-element elementor-element-4719a92b elementor-widget elementor-widget-heading\" data-id=\"4719a92b\" data-element_type=\"widget\" data-e-type=\"widget\" data-widget_type=\"heading.default\">\n\t\t\t\t<div class=\"elementor-widget-container\">\n\t\t\t\t\t<h1 class=\"elementor-heading-title elementor-size-default\">Formaci\u00f3n de ecocardiograf\u00eda<\/h1>\t\t\t\t<\/div>\n\t\t\t\t<\/div>\n\t\t\t\t<div class=\"elementor-element elementor-element-738eb3ed elementor-widget-divider--view-line elementor-widget elementor-widget-divider\" data-id=\"738eb3ed\" data-element_type=\"widget\" data-e-type=\"widget\" data-widget_type=\"divider.default\">\n\t\t\t\t<div class=\"elementor-widget-container\">\n\t\t\t\t\t\t\t<div class=\"elementor-divider\">\n\t\t\t<span class=\"elementor-divider-separator\">\n\t\t\t\t\t\t<\/span>\n\t\t<\/div>\n\t\t\t\t\t\t<\/div>\n\t\t\t\t<\/div>\n\t\t\t\t<div class=\"elementor-element elementor-element-83fdd40 elementor-widget elementor-widget-heading\" data-id=\"83fdd40\" data-element_type=\"widget\" data-e-type=\"widget\" data-widget_type=\"heading.default\">\n\t\t\t\t<div class=\"elementor-widget-container\">\n\t\t\t\t\t<h2 class=\"elementor-heading-title elementor-size-default\">Curso de ecocardiogaf\u00eda personalizado<\/h2>\t\t\t\t<\/div>\n\t\t\t\t<\/div>\n\t\t\t\t<div class=\"elementor-element elementor-element-9cd5b9c elementor-widget elementor-widget-heading\" data-id=\"9cd5b9c\" data-element_type=\"widget\" data-e-type=\"widget\" data-widget_type=\"heading.default\">\n\t\t\t\t<div class=\"elementor-widget-container\">\n\t\t\t\t\t<div class=\"elementor-heading-title elementor-size-default\">28 DE SEPTIEMBRE, 2024<\/div>\t\t\t\t<\/div>\n\t\t\t\t<\/div>\n\t\t\t\t<div class=\"elementor-element elementor-element-0f9ac86 elementor-widget elementor-widget-eael-fancy-text\" data-id=\"0f9ac86\" data-element_type=\"widget\" data-e-type=\"widget\" data-widget_type=\"eael-fancy-text.default\">\n\t\t\t\t<div class=\"elementor-widget-container\">\n\t\t\t\t\t\n\t<div  class=\"eael-fancy-text-container style-1\" data-fancy-text-id=\"0f9ac86\" data-fancy-text=\"|\u00a1inf\u00f3rmate ahora!\" data-fancy-text-transition-type=\"typing\" data-fancy-text-speed=\"50\" data-fancy-text-delay=\"2500\" data-fancy-text-cursor=\"\" data-fancy-text-loop=\"yes\" data-fancy-text-action=\"page_load\" >\n\t\t\t\t\t<span class=\"eael-fancy-text-prefix\">No te lo pierdas, <\/span>\n\t\t\n\t\t\n\t\t\t\t\t<span id=\"eael-fancy-text-0f9ac86\" class=\"eael-fancy-text-strings solid-color\">\n\t\t\t\t<noscript>\n\t\t\t\t\t\u00a1inf\u00f3rmate ahora!\t\t\t\t<\/noscript>\n\t\t\t<\/span>\n\t\t\n\t\t\t<\/div><!-- close .eael-fancy-text-container -->\n\n\t<div class=\"clearfix\"><\/div>\n\n\t\t\t\t\t<\/div>\n\t\t\t\t<\/div>\n\t\t\t\t<div class=\"elementor-element elementor-element-25c83f2 elementor-align-center elementor-mobile-align-center elementor-widget-mobile__width-inherit elementor-widget elementor-widget-button\" data-id=\"25c83f2\" data-element_type=\"widget\" data-e-type=\"widget\" data-widget_type=\"button.default\">\n\t\t\t\t<div class=\"elementor-widget-container\">\n\t\t\t\t\t\t\t\t\t<div class=\"elementor-button-wrapper\">\n\t\t\t\t\t<a class=\"elementor-button elementor-button-link elementor-size-sm elementor-animation-shrink\" href=\"https:\/\/www.sonovet.net\/wp-content\/uploads\/2024\/04\/curso-taller-ecocadio-flyer-24.pdf\" target=\"_blank\">\n\t\t\t\t\t\t<span class=\"elementor-button-content-wrapper\">\n\t\t\t\t\t\t<span class=\"elementor-button-icon\">\n\t\t\t\t<i aria-hidden=\"true\" class=\"fas fa-chalkboard-teacher\"><\/i>\t\t\t<\/span>\n\t\t\t\t\t\t\t\t\t<span class=\"elementor-button-text\">Informaci\u00f3n del Curso<\/span>\n\t\t\t\t\t<\/span>\n\t\t\t\t\t<\/a>\n\t\t\t\t<\/div>\n\t\t\t\t\t\t\t\t<\/div>\n\t\t\t\t<\/div>\n\t\t\t\t\t<\/div>\n\t\t<\/div>\n\t\t\t\t\t<\/div>\n\t\t<\/section>\n\t\t\t\t<section class=\"elementor-section elementor-top-section elementor-element elementor-element-5cb40afb elementor-section-boxed elementor-section-height-default elementor-section-height-default\" data-id=\"5cb40afb\" data-element_type=\"section\" data-e-type=\"section\" data-settings=\"{&quot;background_background&quot;:&quot;classic&quot;,&quot;background_motion_fx_motion_fx_scrolling&quot;:&quot;yes&quot;,&quot;background_motion_fx_translateY_effect&quot;:&quot;yes&quot;,&quot;background_motion_fx_translateY_direction&quot;:&quot;negative&quot;,&quot;background_motion_fx_translateY_speed&quot;:{&quot;unit&quot;:&quot;px&quot;,&quot;size&quot;:3,&quot;sizes&quot;:[]},&quot;background_motion_fx_translateY_affectedRange&quot;:{&quot;unit&quot;:&quot;%&quot;,&quot;size&quot;:&quot;&quot;,&quot;sizes&quot;:{&quot;start&quot;:0,&quot;end&quot;:100}},&quot;background_motion_fx_devices&quot;:[&quot;desktop&quot;,&quot;tablet&quot;,&quot;mobile&quot;],&quot;mdp_selection_sticky_effect_enable&quot;:false}\">\n\t\t\t\t\t\t\t<div class=\"elementor-background-overlay\"><\/div>\n\t\t\t\t\t\t\t<div class=\"elementor-container elementor-column-gap-default\">\n\t\t\t\t\t<div class=\"elementor-column elementor-col-50 elementor-top-column elementor-element elementor-element-466fbdfa elementor-hidden-phone\" data-id=\"466fbdfa\" data-element_type=\"column\" data-e-type=\"column\" data-settings=\"{&quot;mdp_selection_sticky_column_effect_enable&quot;:false}\">\n\t\t\t<div class=\"elementor-widget-wrap elementor-element-populated\">\n\t\t\t\t\t\t<div class=\"elementor-element elementor-element-40481ad1 elementor-widget elementor-widget-spacer\" data-id=\"40481ad1\" data-element_type=\"widget\" data-e-type=\"widget\" data-widget_type=\"spacer.default\">\n\t\t\t\t<div class=\"elementor-widget-container\">\n\t\t\t\t\t\t\t<div class=\"elementor-spacer\">\n\t\t\t<div class=\"elementor-spacer-inner\"><\/div>\n\t\t<\/div>\n\t\t\t\t\t\t<\/div>\n\t\t\t\t<\/div>\n\t\t\t\t\t<\/div>\n\t\t<\/div>\n\t\t\t\t<div class=\"elementor-column elementor-col-50 elementor-top-column elementor-element elementor-element-782a7b4a elementor-invisible\" data-id=\"782a7b4a\" data-element_type=\"column\" data-e-type=\"column\" data-settings=\"{&quot;background_background&quot;:&quot;classic&quot;,&quot;animation&quot;:&quot;zoomIn&quot;,&quot;animation_delay&quot;:200,&quot;mdp_selection_sticky_column_effect_enable&quot;:false}\">\n\t\t\t<div class=\"elementor-widget-wrap elementor-element-populated\">\n\t\t\t\t\t\t<div class=\"elementor-element elementor-element-327cab16 elementor-widget elementor-widget-heading\" data-id=\"327cab16\" data-element_type=\"widget\" data-e-type=\"widget\" data-widget_type=\"heading.default\">\n\t\t\t\t<div class=\"elementor-widget-container\">\n\t\t\t\t\t<h4 class=\"elementor-heading-title elementor-size-default\">\u00bfQuieres hacernos una consulta online?<\/h4>\t\t\t\t<\/div>\n\t\t\t\t<\/div>\n\t\t\t\t<div class=\"elementor-element elementor-element-16b25e04 elementor-button-align-stretch elementor-widget elementor-widget-form\" data-id=\"16b25e04\" data-element_type=\"widget\" data-e-type=\"widget\" data-settings=\"{&quot;step_next_label&quot;:&quot;Siguiente&quot;,&quot;step_previous_label&quot;:&quot;Anterior&quot;,&quot;button_width&quot;:&quot;100&quot;,&quot;step_type&quot;:&quot;number_text&quot;,&quot;step_icon_shape&quot;:&quot;circle&quot;}\" data-widget_type=\"form.default\">\n\t\t\t\t<div class=\"elementor-widget-container\">\n\t\t\t\t\t\t\t<form class=\"elementor-form\" method=\"post\" name=\"Form Formaci\u00f3n\" aria-label=\"Form Formaci\u00f3n\">\n\t\t\t<input type=\"hidden\" name=\"post_id\" value=\"2275\"\/>\n\t\t\t<input type=\"hidden\" name=\"form_id\" value=\"16b25e04\"\/>\n\t\t\t<input type=\"hidden\" name=\"referer_title\" value=\"Sonovet\" \/>\n\n\t\t\t\n\t\t\t<div class=\"elementor-form-fields-wrapper elementor-labels-above\">\n\t\t\t\t\t\t\t\t<div class=\"elementor-field-type-text elementor-field-group elementor-column elementor-field-group-name elementor-col-100\">\n\t\t\t\t\t\t\t\t\t\t\t\t<label for=\"form-field-name\" class=\"elementor-field-label\">\n\t\t\t\t\t\t\t\tNombre\t\t\t\t\t\t\t<\/label>\n\t\t\t\t\t\t\t\t\t\t\t\t\t\t<input size=\"1\" type=\"text\" name=\"form_fields[name]\" id=\"form-field-name\" class=\"elementor-field elementor-size-sm  elementor-field-textual\" placeholder=\"Nombre\">\n\t\t\t\t\t\t\t\t\t\t\t<\/div>\n\t\t\t\t\t\t\t\t<div class=\"elementor-field-type-email elementor-field-group elementor-column elementor-field-group-email elementor-col-100 elementor-field-required\">\n\t\t\t\t\t\t\t\t\t\t\t\t<label for=\"form-field-email\" class=\"elementor-field-label\">\n\t\t\t\t\t\t\t\tEmail\t\t\t\t\t\t\t<\/label>\n\t\t\t\t\t\t\t\t\t\t\t\t\t\t<input size=\"1\" type=\"email\" name=\"form_fields[email]\" id=\"form-field-email\" class=\"elementor-field elementor-size-sm  elementor-field-textual\" placeholder=\"Email\" required=\"required\">\n\t\t\t\t\t\t\t\t\t\t\t<\/div>\n\t\t\t\t\t\t\t\t<div class=\"elementor-field-type-textarea elementor-field-group elementor-column elementor-field-group-message elementor-col-100\">\n\t\t\t\t\t\t\t\t\t\t\t\t<label for=\"form-field-message\" class=\"elementor-field-label\">\n\t\t\t\t\t\t\t\tMensaje\t\t\t\t\t\t\t<\/label>\n\t\t\t\t\t\t<textarea class=\"elementor-field-textual elementor-field  elementor-size-sm\" name=\"form_fields[message]\" id=\"form-field-message\" rows=\"4\" placeholder=\"Mensaje\"><\/textarea>\t\t\t\t<\/div>\n\t\t\t\t\t\t\t\t<div class=\"elementor-field-type-recaptcha_v3 elementor-field-group elementor-column elementor-field-group-field_recaptcha elementor-col-100 recaptcha_v3-bottomright\">\n\t\t\t\t\t<div class=\"elementor-field\" id=\"form-field-field_recaptcha\"><div class=\"elementor-g-recaptcha\" data-sitekey=\"6LfFjecUAAAAAHJrhY-FoLbo2LjvQiU3xg0DUNSA\" data-type=\"v3\" data-action=\"Form\" data-badge=\"bottomright\" data-size=\"invisible\"><\/div><\/div>\t\t\t\t<\/div>\n\t\t\t\t\t\t\t\t<div class=\"elementor-field-group elementor-column elementor-field-type-submit elementor-col-100 e-form__buttons\">\n\t\t\t\t\t<button class=\"elementor-button elementor-size-sm\" type=\"submit\">\n\t\t\t\t\t\t<span class=\"elementor-button-content-wrapper\">\n\t\t\t\t\t\t\t\t\t\t\t\t\t\t\t\t\t\t\t\t\t\t<span class=\"elementor-button-text\">Enviar consulta<\/span>\n\t\t\t\t\t\t\t\t\t\t\t\t\t<\/span>\n\t\t\t\t\t<\/button>\n\t\t\t\t<\/div>\n\t\t\t<\/div>\n\t\t<\/form>\n\t\t\t\t\t\t<\/div>\n\t\t\t\t<\/div>\n\t\t\t\t\t<\/div>\n\t\t<\/div>\n\t\t\t\t\t<\/div>\n\t\t<\/section>\n\t\t\t\t<section class=\"elementor-section elementor-top-section elementor-element elementor-element-11ae1f7 elementor-section-boxed elementor-section-height-default elementor-section-height-default elementor-invisible\" data-id=\"11ae1f7\" data-element_type=\"section\" data-e-type=\"section\" data-settings=\"{&quot;animation&quot;:&quot;fadeIn&quot;,&quot;mdp_selection_sticky_effect_enable&quot;:false}\">\n\t\t\t\t\t\t\t<div class=\"elementor-background-overlay\"><\/div>\n\t\t\t\t\t\t\t<div class=\"elementor-container elementor-column-gap-default\">\n\t\t\t\t\t<div class=\"elementor-column elementor-col-100 elementor-top-column elementor-element elementor-element-5852642\" data-id=\"5852642\" data-element_type=\"column\" data-e-type=\"column\" data-settings=\"{&quot;mdp_selection_sticky_column_effect_enable&quot;:false}\">\n\t\t\t<div class=\"elementor-widget-wrap elementor-element-populated\">\n\t\t\t\t\t\t<div class=\"elementor-element elementor-element-0af813a elementor-widget elementor-widget-gallery\" data-id=\"0af813a\" data-element_type=\"widget\" data-e-type=\"widget\" data-settings=\"{&quot;gallery_layout&quot;:&quot;justified&quot;,&quot;ideal_row_height_mobile&quot;:{&quot;unit&quot;:&quot;px&quot;,&quot;size&quot;:80,&quot;sizes&quot;:[]},&quot;gap&quot;:{&quot;unit&quot;:&quot;px&quot;,&quot;size&quot;:180,&quot;sizes&quot;:[]},&quot;gap_tablet&quot;:{&quot;unit&quot;:&quot;px&quot;,&quot;size&quot;:40,&quot;sizes&quot;:[]},&quot;lazyload&quot;:&quot;yes&quot;,&quot;ideal_row_height&quot;:{&quot;unit&quot;:&quot;px&quot;,&quot;size&quot;:200,&quot;sizes&quot;:[]},&quot;ideal_row_height_tablet&quot;:{&quot;unit&quot;:&quot;px&quot;,&quot;size&quot;:150,&quot;sizes&quot;:[]},&quot;gap_mobile&quot;:{&quot;unit&quot;:&quot;px&quot;,&quot;size&quot;:10,&quot;sizes&quot;:[]},&quot;content_hover_animation&quot;:&quot;fade-in&quot;}\" data-widget_type=\"gallery.default\">\n\t\t\t\t<div class=\"elementor-widget-container\">\n\t\t\t\t\t\t\t<div class=\"elementor-gallery__container\">\n\t\t\t\t\t\t\t<div class=\"e-gallery-item elementor-gallery-item elementor-animated-content\">\n\t\t\t\t\t<div class=\"e-gallery-image elementor-gallery-item__image\" data-thumbnail=\"https:\/\/www.sonovet.net\/wp-content\/uploads\/2022\/02\/logo-partner-logotipoimacardio.png\" data-width=\"530\" data-height=\"320\" aria-label=\"imacardio\" role=\"img\" ><\/div>\n\t\t\t\t\t\t\t\t\t\t\t\t\t\t<\/div>\n\t\t\t\t\t\t\t<div class=\"e-gallery-item elementor-gallery-item elementor-animated-content\">\n\t\t\t\t\t<div class=\"e-gallery-image elementor-gallery-item__image\" data-thumbnail=\"https:\/\/www.sonovet.net\/wp-content\/uploads\/2022\/02\/logo-partner-fundacio-africa-digna.png\" data-width=\"530\" data-height=\"320\" aria-label=\"Fundaci\u00f3n \u00c1frica Digna\" role=\"img\" ><\/div>\n\t\t\t\t\t\t\t\t\t\t\t\t\t\t<\/div>\n\t\t\t\t\t\t\t<div class=\"e-gallery-item elementor-gallery-item elementor-animated-content\">\n\t\t\t\t\t<div class=\"e-gallery-image elementor-gallery-item__image\" data-thumbnail=\"https:\/\/www.sonovet.net\/wp-content\/uploads\/2022\/02\/logo-partner-logo-fundacion-wild-spirit.png\" data-width=\"530\" data-height=\"320\" aria-label=\"Wild Spirit Fund\" role=\"img\" ><\/div>\n\t\t\t\t\t\t\t\t\t\t\t\t\t\t<\/div>\n\t\t\t\t\t<\/div>\n\t\t\t\t\t<\/div>\n\t\t\t\t<\/div>\n\t\t\t\t\t<\/div>\n\t\t<\/div>\n\t\t\t\t\t<\/div>\n\t\t<\/section>\n\t\t\t\t<\/div>\n\t\t","protected":false},"excerpt":{"rendered":"<p>Formaci\u00f3n de ecocardiograf\u00eda Curso de ecocardiogaf\u00eda personalizado 28 DE SEPTIEMBRE, 2024 No te lo pierdas, \u00a1inf\u00f3rmate ahora! Informaci\u00f3n del Curso \u00bfQuieres hacernos una consulta online?<\/p>\n","protected":false},"author":1,"featured_media":0,"parent":0,"menu_order":0,"comment_status":"closed","ping_status":"closed","template":"","meta":{"footnotes":""},"class_list":["post-2275","page","type-page","status-publish","hentry"],"yoast_head":"<!-- This site is optimized with the Yoast SEO plugin v26.9 - https:\/\/yoast.com\/product\/yoast-seo-wordpress\/ -->\n<title>Formaci\u00f3n Ecocardiograf\u00eda Veterinaria &#8226; Sonovet<\/title>\n<meta name=\"description\" content=\"En Sonovet, desde nuestra vertiente de expertos en pruebas ecogr\u00e1ficas veterinarias, ofrecemos cursos de formaci\u00f3n de ecocardiograf\u00eda veterinaria\" \/>\n<meta name=\"robots\" content=\"index, follow, max-snippet:-1, max-image-preview:large, max-video-preview:-1\" \/>\n<link rel=\"canonical\" href=\"https:\/\/www.sonovet.net\/es\/formacion-ecocardiografia\/\" \/>\n<meta property=\"og:locale\" content=\"es_ES\" \/>\n<meta property=\"og:type\" content=\"article\" \/>\n<meta property=\"og:title\" content=\"Formaci\u00f3n Ecocardiograf\u00eda Veterinaria &#8226; Sonovet\" \/>\n<meta property=\"og:description\" content=\"En Sonovet, desde nuestra vertiente de expertos en pruebas ecogr\u00e1ficas veterinarias, ofrecemos cursos de formaci\u00f3n de ecocardiograf\u00eda veterinaria\" \/>\n<meta property=\"og:url\" content=\"https:\/\/www.sonovet.net\/es\/formacion-ecocardiografia\/\" \/>\n<meta property=\"og:site_name\" content=\"Sonovet\" \/>\n<meta property=\"article:publisher\" content=\"https:\/\/www.facebook.com\/sonovetecografia.serveidecografiamobil\" \/>\n<meta property=\"article:modified_time\" content=\"2025-06-27T09:04:27+00:00\" \/>\n<meta name=\"twitter:card\" content=\"summary_large_image\" \/>\n<script type=\"application\/ld+json\" class=\"yoast-schema-graph\">{\"@context\":\"https:\/\/schema.org\",\"@graph\":[{\"@type\":\"WebPage\",\"@id\":\"https:\/\/www.sonovet.net\/es\/formacion-ecocardiografia\/\",\"url\":\"https:\/\/www.sonovet.net\/es\/formacion-ecocardiografia\/\",\"name\":\"Formaci\u00f3n Ecocardiograf\u00eda Veterinaria &#8226; Sonovet\",\"isPartOf\":{\"@id\":\"https:\/\/www.sonovet.net\/es\/#website\"},\"datePublished\":\"2022-02-01T12:57:16+00:00\",\"dateModified\":\"2025-06-27T09:04:27+00:00\",\"description\":\"En Sonovet, desde nuestra vertiente de expertos en pruebas ecogr\u00e1ficas veterinarias, ofrecemos cursos de formaci\u00f3n de ecocardiograf\u00eda veterinaria\",\"breadcrumb\":{\"@id\":\"https:\/\/www.sonovet.net\/es\/formacion-ecocardiografia\/#breadcrumb\"},\"inLanguage\":\"es\",\"potentialAction\":[{\"@type\":\"ReadAction\",\"target\":[\"https:\/\/www.sonovet.net\/es\/formacion-ecocardiografia\/\"]}]},{\"@type\":\"BreadcrumbList\",\"@id\":\"https:\/\/www.sonovet.net\/es\/formacion-ecocardiografia\/#breadcrumb\",\"itemListElement\":[{\"@type\":\"ListItem\",\"position\":1,\"name\":\"Home\",\"item\":\"https:\/\/www.sonovet.net\/es\/home\/\"},{\"@type\":\"ListItem\",\"position\":2,\"name\":\"Formaci\u00f3n Ecocardiograf\u00eda\"}]},{\"@type\":\"WebSite\",\"@id\":\"https:\/\/www.sonovet.net\/es\/#website\",\"url\":\"https:\/\/www.sonovet.net\/es\/\",\"name\":\"Sonovet\",\"description\":\"Ecografia i Cardiologia Veterinaria\",\"publisher\":{\"@id\":\"https:\/\/www.sonovet.net\/es\/#organization\"},\"potentialAction\":[{\"@type\":\"SearchAction\",\"target\":{\"@type\":\"EntryPoint\",\"urlTemplate\":\"https:\/\/www.sonovet.net\/es\/?s={search_term_string}\"},\"query-input\":{\"@type\":\"PropertyValueSpecification\",\"valueRequired\":true,\"valueName\":\"search_term_string\"}}],\"inLanguage\":\"es\"},{\"@type\":\"Organization\",\"@id\":\"https:\/\/www.sonovet.net\/es\/#organization\",\"name\":\"Sonovet\",\"url\":\"https:\/\/www.sonovet.net\/es\/\",\"logo\":{\"@type\":\"ImageObject\",\"inLanguage\":\"es\",\"@id\":\"https:\/\/www.sonovet.net\/es\/#\/schema\/logo\/image\/\",\"url\":\"https:\/\/www.sonovet.net\/wp-content\/uploads\/2022\/01\/logo-sonovet-original.png\",\"contentUrl\":\"https:\/\/www.sonovet.net\/wp-content\/uploads\/2022\/01\/logo-sonovet-original.png\",\"width\":2818,\"height\":1735,\"caption\":\"Sonovet\"},\"image\":{\"@id\":\"https:\/\/www.sonovet.net\/es\/#\/schema\/logo\/image\/\"},\"sameAs\":[\"https:\/\/www.facebook.com\/sonovetecografia.serveidecografiamobil\",\"https:\/\/www.instagram.com\/sonovet_ecografia\/\",\"https:\/\/www.youtube.com\/channel\/UCL-VVDDXVWOJ_JzcKKWR_iw\"]}]}<\/script>\n<!-- \/ Yoast SEO plugin. -->","yoast_head_json":{"title":"Formaci\u00f3n Ecocardiograf\u00eda Veterinaria &#8226; Sonovet","description":"En Sonovet, desde nuestra vertiente de expertos en pruebas ecogr\u00e1ficas veterinarias, ofrecemos cursos de formaci\u00f3n de ecocardiograf\u00eda veterinaria","robots":{"index":"index","follow":"follow","max-snippet":"max-snippet:-1","max-image-preview":"max-image-preview:large","max-video-preview":"max-video-preview:-1"},"canonical":"https:\/\/www.sonovet.net\/es\/formacion-ecocardiografia\/","og_locale":"es_ES","og_type":"article","og_title":"Formaci\u00f3n Ecocardiograf\u00eda Veterinaria &#8226; Sonovet","og_description":"En Sonovet, desde nuestra vertiente de expertos en pruebas ecogr\u00e1ficas veterinarias, ofrecemos cursos de formaci\u00f3n de ecocardiograf\u00eda veterinaria","og_url":"https:\/\/www.sonovet.net\/es\/formacion-ecocardiografia\/","og_site_name":"Sonovet","article_publisher":"https:\/\/www.facebook.com\/sonovetecografia.serveidecografiamobil","article_modified_time":"2025-06-27T09:04:27+00:00","twitter_card":"summary_large_image","schema":{"@context":"https:\/\/schema.org","@graph":[{"@type":"WebPage","@id":"https:\/\/www.sonovet.net\/es\/formacion-ecocardiografia\/","url":"https:\/\/www.sonovet.net\/es\/formacion-ecocardiografia\/","name":"Formaci\u00f3n Ecocardiograf\u00eda Veterinaria &#8226; Sonovet","isPartOf":{"@id":"https:\/\/www.sonovet.net\/es\/#website"},"datePublished":"2022-02-01T12:57:16+00:00","dateModified":"2025-06-27T09:04:27+00:00","description":"En Sonovet, desde nuestra vertiente de expertos en pruebas ecogr\u00e1ficas veterinarias, ofrecemos cursos de formaci\u00f3n de ecocardiograf\u00eda veterinaria","breadcrumb":{"@id":"https:\/\/www.sonovet.net\/es\/formacion-ecocardiografia\/#breadcrumb"},"inLanguage":"es","potentialAction":[{"@type":"ReadAction","target":["https:\/\/www.sonovet.net\/es\/formacion-ecocardiografia\/"]}]},{"@type":"BreadcrumbList","@id":"https:\/\/www.sonovet.net\/es\/formacion-ecocardiografia\/#breadcrumb","itemListElement":[{"@type":"ListItem","position":1,"name":"Home","item":"https:\/\/www.sonovet.net\/es\/home\/"},{"@type":"ListItem","position":2,"name":"Formaci\u00f3n Ecocardiograf\u00eda"}]},{"@type":"WebSite","@id":"https:\/\/www.sonovet.net\/es\/#website","url":"https:\/\/www.sonovet.net\/es\/","name":"Sonovet","description":"Ecografia i Cardiologia Veterinaria","publisher":{"@id":"https:\/\/www.sonovet.net\/es\/#organization"},"potentialAction":[{"@type":"SearchAction","target":{"@type":"EntryPoint","urlTemplate":"https:\/\/www.sonovet.net\/es\/?s={search_term_string}"},"query-input":{"@type":"PropertyValueSpecification","valueRequired":true,"valueName":"search_term_string"}}],"inLanguage":"es"},{"@type":"Organization","@id":"https:\/\/www.sonovet.net\/es\/#organization","name":"Sonovet","url":"https:\/\/www.sonovet.net\/es\/","logo":{"@type":"ImageObject","inLanguage":"es","@id":"https:\/\/www.sonovet.net\/es\/#\/schema\/logo\/image\/","url":"https:\/\/www.sonovet.net\/wp-content\/uploads\/2022\/01\/logo-sonovet-original.png","contentUrl":"https:\/\/www.sonovet.net\/wp-content\/uploads\/2022\/01\/logo-sonovet-original.png","width":2818,"height":1735,"caption":"Sonovet"},"image":{"@id":"https:\/\/www.sonovet.net\/es\/#\/schema\/logo\/image\/"},"sameAs":["https:\/\/www.facebook.com\/sonovetecografia.serveidecografiamobil","https:\/\/www.instagram.com\/sonovet_ecografia\/","https:\/\/www.youtube.com\/channel\/UCL-VVDDXVWOJ_JzcKKWR_iw"]}]}},"_links":{"self":[{"href":"https:\/\/www.sonovet.net\/es\/wp-json\/wp\/v2\/pages\/2275","targetHints":{"allow":["GET"]}}],"collection":[{"href":"https:\/\/www.sonovet.net\/es\/wp-json\/wp\/v2\/pages"}],"about":[{"href":"https:\/\/www.sonovet.net\/es\/wp-json\/wp\/v2\/types\/page"}],"author":[{"embeddable":true,"href":"https:\/\/www.sonovet.net\/es\/wp-json\/wp\/v2\/users\/1"}],"replies":[{"embeddable":true,"href":"https:\/\/www.sonovet.net\/es\/wp-json\/wp\/v2\/comments?post=2275"}],"version-history":[{"count":0,"href":"https:\/\/www.sonovet.net\/es\/wp-json\/wp\/v2\/pages\/2275\/revisions"}],"wp:attachment":[{"href":"https:\/\/www.sonovet.net\/es\/wp-json\/wp\/v2\/media?parent=2275"}],"curies":[{"name":"wp","href":"https:\/\/api.w.org\/{rel}","templated":true}]}}